{"id":32,"date":"2022-11-02T18:05:15","date_gmt":"2022-11-02T18:05:15","guid":{"rendered":"https:\/\/tudofeltro.com\/feltragem\/?post_type=product&#038;p=32"},"modified":"2023-03-17T18:49:00","modified_gmt":"2023-03-17T18:49:00","slug":"kit-material-feltragem-para-iniciantes","status":"publish","type":"product","link":"https:\/\/tudofeltro.com\/feltragem\/produto\/kit-material-feltragem-para-iniciantes\/","title":{"rendered":"Kit Super VIP de Feltragem | Needle Felting"},"content":{"rendered":"<p style=\"border: 0px solid #d9d9e3; --tw-border-spacing-x: 0; --tw-border-spacing-y: 0; --tw-translate-x: 0; --tw-translate-y: 0; --tw-rotate: 0; --tw-skew-x: 0; --tw-skew-y: 0; --tw-scale-x: 1; --tw-scale-y: 1; --tw-scroll-snap-strictness: proximity; --tw-ring-offset-width: 0px; --tw-ring-offset-color: #fff; --tw-ring-color: rgba(59,130,246,0.5); --tw-ring-offset-shadow: 0 0 transparent; --tw-ring-shadow: 0 0 transparent; --tw-shadow: 0 0 transparent; --tw-shadow-colored: 0 0 transparent; margin-bottom: 1.25em; color: #374151; font-family: S\u00f6hne, ui-sans-serif, system-ui, -apple-system, 'Segoe UI', Roboto, Ubuntu, Cantarell, 'Noto Sans', sans-serif, 'Helvetica Neue', Arial, 'Apple Color Emoji', 'Segoe UI Emoji', 'Segoe UI Symbol', 'Noto Color Emoji'; white-space: pre-wrap; background-color: #f7f7f8;\">Se est\u00e1s \u00e0 procura de um kit completo de feltragem para come\u00e7ares a tua jornada nesta t\u00e9cnica incr\u00edvel, n\u00e3o procures mais!<br \/>\nO <b>kit Super VIP de feltragem &#8211; Needle Feltin<\/b>g \u00e9 o conjunto perfeito para ti, que queres aventurar-te na feltragem com tudo o que precisas para criares v\u00e1rios projetos.<\/p>\n<p style=\"border: 0px solid #d9d9e3; --tw-border-spacing-x: 0; --tw-border-spacing-y: 0; --tw-translate-x: 0; --tw-translate-y: 0; --tw-rotate: 0; --tw-skew-x: 0; --tw-skew-y: 0; --tw-scale-x: 1; --tw-scale-y: 1; --tw-scroll-snap-strictness: proximity; --tw-ring-offset-width: 0px; --tw-ring-offset-color: #fff; --tw-ring-color: rgba(59,130,246,0.5); --tw-ring-offset-shadow: 0 0 transparent; --tw-ring-shadow: 0 0 transparent; --tw-shadow: 0 0 transparent; --tw-shadow-colored: 0 0 transparent; margin-top: 1.25em; margin-bottom: 1.25em; color: #374151; font-family: S\u00f6hne, ui-sans-serif, system-ui, -apple-system, 'Segoe UI', Roboto, Ubuntu, Cantarell, 'Noto Sans', sans-serif, 'Helvetica Neue', Arial, 'Apple Color Emoji', 'Segoe UI Emoji', 'Segoe UI Symbol', 'Noto Color Emoji'; white-space: pre-wrap; background-color: #f7f7f8;\">Este kit inclui todos os materiais essenciais necess\u00e1rios para come\u00e7ares, como L\u00e3 M\u00e1gica \u00ae de alta qualidade em v\u00e1rias cores vibrantes, suave e neutras, agulhas de feltragem de diferentes tamanhos, uma base de feltragem em esponja de alta densidade, acess\u00f3rios \u00fateis, como cabos para 1 ou v\u00e1rias agulhas, agulhas especiais para fazer p\u00ealos e arma\u00e7\u00f5es, al\u00e9m de um b\u00f3nus surpresa.<\/p>\n<p style=\"border: 0px solid #d9d9e3; --tw-border-spacing-x: 0; --tw-border-spacing-y: 0; --tw-translate-x: 0; --tw-translate-y: 0; --tw-rotate: 0; --tw-skew-x: 0; --tw-skew-y: 0; --tw-scale-x: 1; --tw-scale-y: 1; --tw-scroll-snap-strictness: proximity; --tw-ring-offset-width: 0px; --tw-ring-offset-color: #fff; --tw-ring-color: rgba(59,130,246,0.5); --tw-ring-offset-shadow: 0 0 transparent; --tw-ring-shadow: 0 0 transparent; --tw-shadow: 0 0 transparent; --tw-shadow-colored: 0 0 transparent; margin-top: 1.25em; margin-bottom: 1.25em; color: #374151; font-family: S\u00f6hne, ui-sans-serif, system-ui, -apple-system, 'Segoe UI', Roboto, Ubuntu, Cantarell, 'Noto Sans', sans-serif, 'Helvetica Neue', Arial, 'Apple Color Emoji', 'Segoe UI Emoji', 'Segoe UI Symbol', 'Noto Color Emoji'; white-space: pre-wrap; background-color: #f7f7f8;\">Com este kit, poder\u00e1s criar lindos projetos de feltragem em casa, desde animais fofos at\u00e9 decora\u00e7\u00f5es elegantes. A l\u00e3 de feltragem \u00e9 f\u00e1cil de trabalhar e pode ser moldada em qualquer forma que possas imaginar. As agulhas de feltragem tornam o processo de compacta\u00e7\u00e3o da l\u00e3 suave e eficiente, permitindo que d\u00eas forma e textura aos teus projetos de maneira f\u00e1cil e precisa.<\/p>\n<p style=\"border: 0px solid #d9d9e3; --tw-border-spacing-x: 0; --tw-border-spacing-y: 0; --tw-translate-x: 0; --tw-translate-y: 0; --tw-rotate: 0; --tw-skew-x: 0; --tw-skew-y: 0; --tw-scale-x: 1; --tw-scale-y: 1; --tw-scroll-snap-strictness: proximity; --tw-ring-offset-width: 0px; --tw-ring-offset-color: #fff; --tw-ring-color: rgba(59,130,246,0.5); --tw-ring-offset-shadow: 0 0 transparent; --tw-ring-shadow: 0 0 transparent; --tw-shadow: 0 0 transparent; --tw-shadow-colored: 0 0 transparent; margin-top: 1.25em; margin-bottom: 1.25em; color: #374151; font-family: S\u00f6hne, ui-sans-serif, system-ui, -apple-system, 'Segoe UI', Roboto, Ubuntu, Cantarell, 'Noto Sans', sans-serif, 'Helvetica Neue', Arial, 'Apple Color Emoji', 'Segoe UI Emoji', 'Segoe UI Symbol', 'Noto Color Emoji'; white-space: pre-wrap; background-color: #f7f7f8;\">N\u00e3o importa se \u00e9s um iniciante ou um especialista em feltragem, este kit \u00e9 perfeito para ti que queres criar projetos \u00fanicos e personalizados. Al\u00e9m disso, com os tutoriais e cursos e recursos livres que acompanham o kit, podes aprender novas t\u00e9cnicas e inspirares-te para projetos futuros.<\/p>\n<p style=\"border: 0px solid #d9d9e3; --tw-border-spacing-x: 0; --tw-border-spacing-y: 0; --tw-translate-x: 0; --tw-translate-y: 0; --tw-rotate: 0; --tw-skew-x: 0; --tw-skew-y: 0; --tw-scale-x: 1; --tw-scale-y: 1; --tw-scroll-snap-strictness: proximity; --tw-ring-offset-width: 0px; --tw-ring-offset-color: #fff; --tw-ring-color: rgba(59,130,246,0.5); --tw-ring-offset-shadow: 0 0 transparent; --tw-ring-shadow: 0 0 transparent; --tw-shadow: 0 0 transparent; --tw-shadow-colored: 0 0 transparent; margin-top: 1.25em; color: #374151; font-family: S\u00f6hne, ui-sans-serif, system-ui, -apple-system, 'Segoe UI', Roboto, Ubuntu, Cantarell, 'Noto Sans', sans-serif, 'Helvetica Neue', Arial, 'Apple Color Emoji', 'Segoe UI Emoji', 'Segoe UI Symbol', 'Noto Color Emoji'; white-space: pre-wrap; background-color: #f7f7f8;\">Sejas um entusiasta da feltragem ou um iniciante curioso, o <b>kit Super VIP de feltragem Needle Felting<\/b> \u00e9 a escolha ideal para come\u00e7ares a tua jornada. Com este conjunto de materiais, ter\u00e1s tudo o que precisas para criares projetos incr\u00edveis e teres horas de divers\u00e3o criativa!<\/p>\n","protected":false},"excerpt":{"rendered":"<p>&nbsp;<\/p>\n<ul>\n<li><strong>L\u00e3 M\u00e1gica <span role=\"img\" aria-label=\"\u00ae\">\u00ae<\/span>:<\/strong><br \/>\nL\u00e3 Penteada de v\u00e1rias cores vibrantes, suave e neutras &#8211; 240g<br \/>\nL\u00e3 Penteada Branco Natural &#8211; 200g<br \/>\nL\u00e3 Penteada Pele &#8211; 50g<br \/>\nL\u00e3 Cardada Enchimento &#8211; 100g<br \/>\nL\u00e3 Lavada: 3 cores diferentes<\/li>\n<li><strong>Esponja:<\/strong><br \/>\nAlta Densidade: 22 X25 cm<\/li>\n<li><strong>Agulhas de feltragem<\/strong> de diferentes tamanhos:<br \/>\n10 Agulhas: Grossas<br \/>\n10 Agulhas: M\u00e9dias<br \/>\n10 Agulhas: Finas<\/li>\n<li><strong>Agulhas Especiais:<\/strong><br \/>\n5 Agulhas: Espirais Super Finas<br \/>\n5 Agulhas: Reversasa Super Finas<\/li>\n<li><strong>\u00a0Cabos de Feltragem:<\/strong><br \/>\n1 cabos para 1 Agulha,<br \/>\n1 cabos para 4 Agulhas<\/li>\n<li>arma\u00e7\u00f5es<\/li>\n<li>b\u00f3nus surpresa<\/li>\n<\/ul>\n<p>&nbsp;<\/p>\n","protected":false},"featured_media":75,"comment_status":"open","ping_status":"closed","template":"","meta":{"cos_headline_score":0,"cos_seo_score":0,"cos_headline_text":"Kit Super VIP de Feltragem | Needle Felting","cos_headline_has_been_analyzed":false,"cos_last_analyzed_headline":[],"content-type":""},"product_brand":[],"product_cat":[33],"product_tag":[],"class_list":{"0":"post-32","1":"product","2":"type-product","3":"status-publish","4":"has-post-thumbnail","6":"product_cat-kits-feltragem","7":"product_shipping_class-500-g-ate-2-kg","9":"first","10":"instock","11":"sale","12":"purchasable","13":"product-type-simple"},"yoast_head":"<!-- This site is optimized with the Yoast SEO Premium plugin v25.0 (Yoast SEO v27.1.1) - https:\/\/yoast.com\/product\/yoast-seo-premium-wordpress\/ -->\n<title>Kit Super VIP de Feltragem | Needle Felting - A Arte da Feltragem - Curso Online e Kits de Feltragem Artesanal<\/title>\n<meta name=\"robots\" content=\"index, follow, max-snippet:-1, max-image-preview:large, max-video-preview:-1\" \/>\n<link rel=\"canonical\" href=\"https:\/\/tudofeltro.com\/feltragem\/produto\/kit-material-feltragem-para-iniciantes\/\" \/>\n<meta property=\"og:locale\" content=\"pt_PT\" \/>\n<meta property=\"og:type\" content=\"article\" \/>\n<meta property=\"og:title\" content=\"Kit Super VIP de Feltragem | Needle Felting\" \/>\n<meta property=\"og:description\" content=\"&nbsp;   L\u00e3 M\u00e1gica \u00ae: L\u00e3 Penteada de v\u00e1rias cores vibrantes, suave e neutras - 240g L\u00e3 Penteada Branco Natural - 200g L\u00e3 Penteada Pele - 50g L\u00e3 Cardada Enchimento - 100g L\u00e3 Lavada: 3 cores diferentes  Esponja: Alta Densidade: 22 X25 cm  Agulhas de feltragem de diferentes tamanhos: 10 Agulhas: Grossas 10 Agulhas: M\u00e9dias 10 Agulhas: Finas  Agulhas Especiais: 5 Agulhas: Espirais Super Finas 5 Agulhas: Reversasa Super Finas  \u00a0Cabos de Feltragem: 1 cabos para 1 Agulha, 1 cabos para 4 Agulhas  arma\u00e7\u00f5es  b\u00f3nus surpresa  &nbsp;\" \/>\n<meta property=\"og:url\" content=\"https:\/\/tudofeltro.com\/feltragem\/produto\/kit-material-feltragem-para-iniciantes\/\" \/>\n<meta property=\"og:site_name\" content=\"A Arte da Feltragem - Curso Online e Kits de Feltragem Artesanal\" \/>\n<meta property=\"article:modified_time\" content=\"2023-03-17T18:49:00+00:00\" \/>\n<meta property=\"og:image\" content=\"https:\/\/tudofeltro.com\/feltragem\/wp-content\/uploads\/2022\/11\/SAM_6382-01_-e1667421073402.jpg\" \/>\n\t<meta property=\"og:image:width\" content=\"1502\" \/>\n\t<meta property=\"og:image:height\" content=\"1272\" \/>\n\t<meta property=\"og:image:type\" content=\"image\/jpeg\" \/>\n<meta name=\"twitter:card\" content=\"summary_large_image\" \/>\n<meta name=\"twitter:label1\" content=\"Tempo estimado de leitura\" \/>\n\t<meta name=\"twitter:data1\" content=\"1 minuto\" \/>\n<script type=\"application\/ld+json\" class=\"yoast-schema-graph\">{\"@context\":\"https:\/\/schema.org\",\"@graph\":[{\"@type\":\"WebPage\",\"@id\":\"https:\/\/tudofeltro.com\/feltragem\/produto\/kit-material-feltragem-para-iniciantes\/\",\"url\":\"https:\/\/tudofeltro.com\/feltragem\/produto\/kit-material-feltragem-para-iniciantes\/\",\"name\":\"Kit Super VIP de Feltragem | Needle Felting - A Arte da Feltragem - Curso Online e Kits de Feltragem Artesanal\",\"isPartOf\":{\"@id\":\"https:\/\/tudofeltro.com\/feltragem\/#website\"},\"primaryImageOfPage\":{\"@id\":\"https:\/\/tudofeltro.com\/feltragem\/produto\/kit-material-feltragem-para-iniciantes\/#primaryimage\"},\"image\":{\"@id\":\"https:\/\/tudofeltro.com\/feltragem\/produto\/kit-material-feltragem-para-iniciantes\/#primaryimage\"},\"thumbnailUrl\":\"https:\/\/tudofeltro.com\/feltragem\/wp-content\/uploads\/2022\/11\/SAM_6382-01_-e1667421073402.jpg\",\"datePublished\":\"2022-11-02T18:05:15+00:00\",\"dateModified\":\"2023-03-17T18:49:00+00:00\",\"breadcrumb\":{\"@id\":\"https:\/\/tudofeltro.com\/feltragem\/produto\/kit-material-feltragem-para-iniciantes\/#breadcrumb\"},\"inLanguage\":\"pt-PT\",\"potentialAction\":[{\"@type\":\"ReadAction\",\"target\":[\"https:\/\/tudofeltro.com\/feltragem\/produto\/kit-material-feltragem-para-iniciantes\/\"]}]},{\"@type\":\"ImageObject\",\"inLanguage\":\"pt-PT\",\"@id\":\"https:\/\/tudofeltro.com\/feltragem\/produto\/kit-material-feltragem-para-iniciantes\/#primaryimage\",\"url\":\"https:\/\/tudofeltro.com\/feltragem\/wp-content\/uploads\/2022\/11\/SAM_6382-01_-e1667421073402.jpg\",\"contentUrl\":\"https:\/\/tudofeltro.com\/feltragem\/wp-content\/uploads\/2022\/11\/SAM_6382-01_-e1667421073402.jpg\",\"width\":1502,\"height\":1272},{\"@type\":\"BreadcrumbList\",\"@id\":\"https:\/\/tudofeltro.com\/feltragem\/produto\/kit-material-feltragem-para-iniciantes\/#breadcrumb\",\"itemListElement\":[{\"@type\":\"ListItem\",\"position\":1,\"name\":\"In\u00edcio\",\"item\":\"https:\/\/tudofeltro.com\/feltragem\/\"},{\"@type\":\"ListItem\",\"position\":2,\"name\":\"Loja\",\"item\":\"https:\/\/tudofeltro.com\/feltragem\/loja\/\"},{\"@type\":\"ListItem\",\"position\":3,\"name\":\"Kit Super VIP de Feltragem | Needle Felting\"}]},{\"@type\":\"WebSite\",\"@id\":\"https:\/\/tudofeltro.com\/feltragem\/#website\",\"url\":\"https:\/\/tudofeltro.com\/feltragem\/\",\"name\":\"A Arte da Feltragem - Curso Online e Kits de Feltragem Artesanal\",\"description\":\"Aprender a feltrar e evoliu a tua t\u00e9cnica com os cursos de Feltragem, needle felting, aulas online, tutorias, passo a passo e kits de feltragem para iniciantes\",\"publisher\":{\"@id\":\"https:\/\/tudofeltro.com\/feltragem\/#organization\"},\"potentialAction\":[{\"@type\":\"SearchAction\",\"target\":{\"@type\":\"EntryPoint\",\"urlTemplate\":\"https:\/\/tudofeltro.com\/feltragem\/?s={search_term_string}\"},\"query-input\":{\"@type\":\"PropertyValueSpecification\",\"valueRequired\":true,\"valueName\":\"search_term_string\"}}],\"inLanguage\":\"pt-PT\"},{\"@type\":\"Organization\",\"@id\":\"https:\/\/tudofeltro.com\/feltragem\/#organization\",\"name\":\"A Arte da Feltragem - Curso Online e Kits de Feltragem Artesanal\",\"url\":\"https:\/\/tudofeltro.com\/feltragem\/\",\"logo\":{\"@type\":\"ImageObject\",\"inLanguage\":\"pt-PT\",\"@id\":\"https:\/\/tudofeltro.com\/feltragem\/#\/schema\/logo\/image\/\",\"url\":\"https:\/\/tudofeltro.com\/feltragem\/wp-content\/uploads\/2022\/11\/cropped-New-logo-tudofeltro-e1667406116743.png\",\"contentUrl\":\"https:\/\/tudofeltro.com\/feltragem\/wp-content\/uploads\/2022\/11\/cropped-New-logo-tudofeltro-e1667406116743.png\",\"width\":300,\"height\":150,\"caption\":\"A Arte da Feltragem - Curso Online e Kits de Feltragem Artesanal\"},\"image\":{\"@id\":\"https:\/\/tudofeltro.com\/feltragem\/#\/schema\/logo\/image\/\"}}]}<\/script>\n<!-- \/ Yoast SEO Premium plugin. -->","yoast_head_json":{"title":"Kit Super VIP de Feltragem | Needle Felting - A Arte da Feltragem - Curso Online e Kits de Feltragem Artesanal","robots":{"index":"index","follow":"follow","max-snippet":"max-snippet:-1","max-image-preview":"max-image-preview:large","max-video-preview":"max-video-preview:-1"},"canonical":"https:\/\/tudofeltro.com\/feltragem\/produto\/kit-material-feltragem-para-iniciantes\/","og_locale":"pt_PT","og_type":"article","og_title":"Kit Super VIP de Feltragem | Needle Felting","og_description":"&nbsp;   L\u00e3 M\u00e1gica \u00ae: L\u00e3 Penteada de v\u00e1rias cores vibrantes, suave e neutras - 240g L\u00e3 Penteada Branco Natural - 200g L\u00e3 Penteada Pele - 50g L\u00e3 Cardada Enchimento - 100g L\u00e3 Lavada: 3 cores diferentes  Esponja: Alta Densidade: 22 X25 cm  Agulhas de feltragem de diferentes tamanhos: 10 Agulhas: Grossas 10 Agulhas: M\u00e9dias 10 Agulhas: Finas  Agulhas Especiais: 5 Agulhas: Espirais Super Finas 5 Agulhas: Reversasa Super Finas  \u00a0Cabos de Feltragem: 1 cabos para 1 Agulha, 1 cabos para 4 Agulhas  arma\u00e7\u00f5es  b\u00f3nus surpresa  &nbsp;","og_url":"https:\/\/tudofeltro.com\/feltragem\/produto\/kit-material-feltragem-para-iniciantes\/","og_site_name":"A Arte da Feltragem - Curso Online e Kits de Feltragem Artesanal","article_modified_time":"2023-03-17T18:49:00+00:00","og_image":[{"width":1502,"height":1272,"url":"https:\/\/tudofeltro.com\/feltragem\/wp-content\/uploads\/2022\/11\/SAM_6382-01_-e1667421073402.jpg","type":"image\/jpeg"}],"twitter_card":"summary_large_image","twitter_misc":{"Tempo estimado de leitura":"1 minuto"},"schema":{"@context":"https:\/\/schema.org","@graph":[{"@type":"WebPage","@id":"https:\/\/tudofeltro.com\/feltragem\/produto\/kit-material-feltragem-para-iniciantes\/","url":"https:\/\/tudofeltro.com\/feltragem\/produto\/kit-material-feltragem-para-iniciantes\/","name":"Kit Super VIP de Feltragem | Needle Felting - A Arte da Feltragem - Curso Online e Kits de Feltragem Artesanal","isPartOf":{"@id":"https:\/\/tudofeltro.com\/feltragem\/#website"},"primaryImageOfPage":{"@id":"https:\/\/tudofeltro.com\/feltragem\/produto\/kit-material-feltragem-para-iniciantes\/#primaryimage"},"image":{"@id":"https:\/\/tudofeltro.com\/feltragem\/produto\/kit-material-feltragem-para-iniciantes\/#primaryimage"},"thumbnailUrl":"https:\/\/tudofeltro.com\/feltragem\/wp-content\/uploads\/2022\/11\/SAM_6382-01_-e1667421073402.jpg","datePublished":"2022-11-02T18:05:15+00:00","dateModified":"2023-03-17T18:49:00+00:00","breadcrumb":{"@id":"https:\/\/tudofeltro.com\/feltragem\/produto\/kit-material-feltragem-para-iniciantes\/#breadcrumb"},"inLanguage":"pt-PT","potentialAction":[{"@type":"ReadAction","target":["https:\/\/tudofeltro.com\/feltragem\/produto\/kit-material-feltragem-para-iniciantes\/"]}]},{"@type":"ImageObject","inLanguage":"pt-PT","@id":"https:\/\/tudofeltro.com\/feltragem\/produto\/kit-material-feltragem-para-iniciantes\/#primaryimage","url":"https:\/\/tudofeltro.com\/feltragem\/wp-content\/uploads\/2022\/11\/SAM_6382-01_-e1667421073402.jpg","contentUrl":"https:\/\/tudofeltro.com\/feltragem\/wp-content\/uploads\/2022\/11\/SAM_6382-01_-e1667421073402.jpg","width":1502,"height":1272},{"@type":"BreadcrumbList","@id":"https:\/\/tudofeltro.com\/feltragem\/produto\/kit-material-feltragem-para-iniciantes\/#breadcrumb","itemListElement":[{"@type":"ListItem","position":1,"name":"In\u00edcio","item":"https:\/\/tudofeltro.com\/feltragem\/"},{"@type":"ListItem","position":2,"name":"Loja","item":"https:\/\/tudofeltro.com\/feltragem\/loja\/"},{"@type":"ListItem","position":3,"name":"Kit Super VIP de Feltragem | Needle Felting"}]},{"@type":"WebSite","@id":"https:\/\/tudofeltro.com\/feltragem\/#website","url":"https:\/\/tudofeltro.com\/feltragem\/","name":"A Arte da Feltragem - Curso Online e Kits de Feltragem Artesanal","description":"Aprender a feltrar e evoliu a tua t\u00e9cnica com os cursos de Feltragem, needle felting, aulas online, tutorias, passo a passo e kits de feltragem para iniciantes","publisher":{"@id":"https:\/\/tudofeltro.com\/feltragem\/#organization"},"potentialAction":[{"@type":"SearchAction","target":{"@type":"EntryPoint","urlTemplate":"https:\/\/tudofeltro.com\/feltragem\/?s={search_term_string}"},"query-input":{"@type":"PropertyValueSpecification","valueRequired":true,"valueName":"search_term_string"}}],"inLanguage":"pt-PT"},{"@type":"Organization","@id":"https:\/\/tudofeltro.com\/feltragem\/#organization","name":"A Arte da Feltragem - Curso Online e Kits de Feltragem Artesanal","url":"https:\/\/tudofeltro.com\/feltragem\/","logo":{"@type":"ImageObject","inLanguage":"pt-PT","@id":"https:\/\/tudofeltro.com\/feltragem\/#\/schema\/logo\/image\/","url":"https:\/\/tudofeltro.com\/feltragem\/wp-content\/uploads\/2022\/11\/cropped-New-logo-tudofeltro-e1667406116743.png","contentUrl":"https:\/\/tudofeltro.com\/feltragem\/wp-content\/uploads\/2022\/11\/cropped-New-logo-tudofeltro-e1667406116743.png","width":300,"height":150,"caption":"A Arte da Feltragem - Curso Online e Kits de Feltragem Artesanal"},"image":{"@id":"https:\/\/tudofeltro.com\/feltragem\/#\/schema\/logo\/image\/"}}]}},"_links":{"self":[{"href":"https:\/\/tudofeltro.com\/feltragem\/wp-json\/wp\/v2\/product\/32","targetHints":{"allow":["GET"]}}],"collection":[{"href":"https:\/\/tudofeltro.com\/feltragem\/wp-json\/wp\/v2\/product"}],"about":[{"href":"https:\/\/tudofeltro.com\/feltragem\/wp-json\/wp\/v2\/types\/product"}],"replies":[{"embeddable":true,"href":"https:\/\/tudofeltro.com\/feltragem\/wp-json\/wp\/v2\/comments?post=32"}],"version-history":[{"count":25,"href":"https:\/\/tudofeltro.com\/feltragem\/wp-json\/wp\/v2\/product\/32\/revisions"}],"predecessor-version":[{"id":1752,"href":"https:\/\/tudofeltro.com\/feltragem\/wp-json\/wp\/v2\/product\/32\/revisions\/1752"}],"wp:featuredmedia":[{"embeddable":true,"href":"https:\/\/tudofeltro.com\/feltragem\/wp-json\/wp\/v2\/media\/75"}],"wp:attachment":[{"href":"https:\/\/tudofeltro.com\/feltragem\/wp-json\/wp\/v2\/media?parent=32"}],"wp:term":[{"taxonomy":"product_brand","embeddable":true,"href":"https:\/\/tudofeltro.com\/feltragem\/wp-json\/wp\/v2\/product_brand?post=32"},{"taxonomy":"product_cat","embeddable":true,"href":"https:\/\/tudofeltro.com\/feltragem\/wp-json\/wp\/v2\/product_cat?post=32"},{"taxonomy":"product_tag","embeddable":true,"href":"https:\/\/tudofeltro.com\/feltragem\/wp-json\/wp\/v2\/product_tag?post=32"}],"curies":[{"name":"wp","href":"https:\/\/api.w.org\/{rel}","templated":true}]}}