{"id":2568,"date":"2025-07-22T20:21:00","date_gmt":"2025-07-22T19:21:00","guid":{"rendered":"https:\/\/tudofeltro.com\/feltragem\/?post_type=product&#038;p=2568"},"modified":"2025-07-23T00:09:49","modified_gmt":"2025-07-22T23:09:49","slug":"diy-curso-online-como-feltrar-um-bigode-em-la-magica","status":"publish","type":"product","link":"https:\/\/tudofeltro.com\/feltragem\/produto\/diy-curso-online-como-feltrar-um-bigode-em-la-magica\/","title":{"rendered":"DIY Curso Online &#8211; Como Feltrar um Bigode em L\u00e3 M\u00e1gica \u00ae?"},"content":{"rendered":"<p>Aprende a feltrar este Bigode em l\u00e3 M\u00e1gica \u00ae\ufe0f com a t\u00e9cnica de Feltragem com agulhas.<\/p>\n","protected":false},"excerpt":{"rendered":"<p>Aprende a feltrar este Bigode em l\u00e3 M\u00e1gica \u00ae\ufe0f com a t\u00e9cnica de Feltragem com agulhas.<\/p>\n","protected":false},"featured_media":2559,"comment_status":"open","ping_status":"closed","template":"","meta":{"cos_headline_score":0,"cos_seo_score":0,"cos_headline_text":"DIY Curso Online - Como Feltrar um Bigode em L\u00e3 M\u00e1gica \u00ae?","cos_headline_has_been_analyzed":false,"cos_last_analyzed_headline":[],"content-type":""},"product_brand":[],"product_cat":[15],"product_tag":[],"class_list":{"0":"post-2568","1":"product","2":"type-product","3":"status-publish","4":"has-post-thumbnail","6":"product_cat-cursos","7":"product_shipping_class-101g-ate-499-g","9":"first","10":"instock","11":"virtual","12":"purchasable","13":"product-type-simple"},"yoast_head":"<!-- This site is optimized with the Yoast SEO Premium plugin v25.0 (Yoast SEO v27.1.1) - https:\/\/yoast.com\/product\/yoast-seo-premium-wordpress\/ -->\n<title>DIY Curso Online - Como Feltrar um Bigode em L\u00e3 M\u00e1gica \u00ae? - A Arte da Feltragem - Curso Online e Kits de Feltragem Artesanal<\/title>\n<meta name=\"description\" content=\"Neste curso encantador de needle felting vais aprender a criar, passo a passo, um anjinho em L\u00e3 M\u00e1gica\u00ae \u2014 uma pe\u00e7a delicada, feita \u00e0 m\u00e3o, ideal para decora\u00e7\u00e3o, presentes ou simplesmente como s\u00edmbolo de afeto. A forma\u00e7\u00e3o \u00e9 adequada tanto para iniciantes como para quem j\u00e1 tem alguma experi\u00eancia e deseja explorar t\u00e9cnicas mais sens\u00edveis e expressivas com a l\u00e3.\" \/>\n<meta name=\"robots\" content=\"index, follow, max-snippet:-1, max-image-preview:large, max-video-preview:-1\" \/>\n<link rel=\"canonical\" href=\"https:\/\/tudofeltro.com\/feltragem\/produto\/diy-curso-online-como-feltrar-um-bigode-em-la-magica\/\" \/>\n<meta property=\"og:locale\" content=\"pt_PT\" \/>\n<meta property=\"og:type\" content=\"article\" \/>\n<meta property=\"og:title\" content=\"DIY Curso Online - Como Feltrar um Bigode em L\u00e3 M\u00e1gica \u00ae?\" \/>\n<meta property=\"og:description\" content=\"Neste curso encantador de needle felting vais aprender a criar, passo a passo, um anjinho em L\u00e3 M\u00e1gica\u00ae \u2014 uma pe\u00e7a delicada, feita \u00e0 m\u00e3o, ideal para decora\u00e7\u00e3o, presentes ou simplesmente como s\u00edmbolo de afeto. A forma\u00e7\u00e3o \u00e9 adequada tanto para iniciantes como para quem j\u00e1 tem alguma experi\u00eancia e deseja explorar t\u00e9cnicas mais sens\u00edveis e expressivas com a l\u00e3.\" \/>\n<meta property=\"og:url\" content=\"https:\/\/tudofeltro.com\/feltragem\/produto\/diy-curso-online-como-feltrar-um-bigode-em-la-magica\/\" \/>\n<meta property=\"og:site_name\" content=\"A Arte da Feltragem - Curso Online e Kits de Feltragem Artesanal\" \/>\n<meta property=\"article:modified_time\" content=\"2025-07-22T23:09:49+00:00\" \/>\n<meta property=\"og:image\" content=\"https:\/\/tudofeltro.com\/feltragem\/wp-content\/uploads\/2025\/07\/DIY-Bigode-em-la-Magica-feltragem.jpg\" \/>\n\t<meta property=\"og:image:width\" content=\"1640\" \/>\n\t<meta property=\"og:image:height\" content=\"924\" \/>\n\t<meta property=\"og:image:type\" content=\"image\/jpeg\" \/>\n<meta name=\"twitter:card\" content=\"summary_large_image\" \/>\n<meta name=\"twitter:label1\" content=\"Tempo estimado de leitura\" \/>\n\t<meta name=\"twitter:data1\" content=\"1 minuto\" \/>\n<script type=\"application\/ld+json\" class=\"yoast-schema-graph\">{\"@context\":\"https:\/\/schema.org\",\"@graph\":[{\"@type\":\"WebPage\",\"@id\":\"https:\/\/tudofeltro.com\/feltragem\/produto\/diy-curso-online-como-feltrar-um-bigode-em-la-magica\/\",\"url\":\"https:\/\/tudofeltro.com\/feltragem\/produto\/diy-curso-online-como-feltrar-um-bigode-em-la-magica\/\",\"name\":\"DIY Curso Online - Como Feltrar um Bigode em L\u00e3 M\u00e1gica \u00ae? - A Arte da Feltragem - Curso Online e Kits de Feltragem Artesanal\",\"isPartOf\":{\"@id\":\"https:\/\/tudofeltro.com\/feltragem\/#website\"},\"primaryImageOfPage\":{\"@id\":\"https:\/\/tudofeltro.com\/feltragem\/produto\/diy-curso-online-como-feltrar-um-bigode-em-la-magica\/#primaryimage\"},\"image\":{\"@id\":\"https:\/\/tudofeltro.com\/feltragem\/produto\/diy-curso-online-como-feltrar-um-bigode-em-la-magica\/#primaryimage\"},\"thumbnailUrl\":\"https:\/\/tudofeltro.com\/feltragem\/wp-content\/uploads\/2025\/07\/DIY-Bigode-em-la-Magica-feltragem.jpg\",\"datePublished\":\"2025-07-22T19:21:00+00:00\",\"dateModified\":\"2025-07-22T23:09:49+00:00\",\"description\":\"Neste curso encantador de needle felting vais aprender a criar, passo a passo, um anjinho em L\u00e3 M\u00e1gica\u00ae \u2014 uma pe\u00e7a delicada, feita \u00e0 m\u00e3o, ideal para decora\u00e7\u00e3o, presentes ou simplesmente como s\u00edmbolo de afeto. A forma\u00e7\u00e3o \u00e9 adequada tanto para iniciantes como para quem j\u00e1 tem alguma experi\u00eancia e deseja explorar t\u00e9cnicas mais sens\u00edveis e expressivas com a l\u00e3.\",\"breadcrumb\":{\"@id\":\"https:\/\/tudofeltro.com\/feltragem\/produto\/diy-curso-online-como-feltrar-um-bigode-em-la-magica\/#breadcrumb\"},\"inLanguage\":\"pt-PT\",\"potentialAction\":[{\"@type\":\"ReadAction\",\"target\":[\"https:\/\/tudofeltro.com\/feltragem\/produto\/diy-curso-online-como-feltrar-um-bigode-em-la-magica\/\"]}]},{\"@type\":\"ImageObject\",\"inLanguage\":\"pt-PT\",\"@id\":\"https:\/\/tudofeltro.com\/feltragem\/produto\/diy-curso-online-como-feltrar-um-bigode-em-la-magica\/#primaryimage\",\"url\":\"https:\/\/tudofeltro.com\/feltragem\/wp-content\/uploads\/2025\/07\/DIY-Bigode-em-la-Magica-feltragem.jpg\",\"contentUrl\":\"https:\/\/tudofeltro.com\/feltragem\/wp-content\/uploads\/2025\/07\/DIY-Bigode-em-la-Magica-feltragem.jpg\",\"width\":1640,\"height\":924},{\"@type\":\"BreadcrumbList\",\"@id\":\"https:\/\/tudofeltro.com\/feltragem\/produto\/diy-curso-online-como-feltrar-um-bigode-em-la-magica\/#breadcrumb\",\"itemListElement\":[{\"@type\":\"ListItem\",\"position\":1,\"name\":\"In\u00edcio\",\"item\":\"https:\/\/tudofeltro.com\/feltragem\/\"},{\"@type\":\"ListItem\",\"position\":2,\"name\":\"Loja\",\"item\":\"https:\/\/tudofeltro.com\/feltragem\/loja\/\"},{\"@type\":\"ListItem\",\"position\":3,\"name\":\"DIY Curso Online &#8211; Como Feltrar um Bigode em L\u00e3 M\u00e1gica \u00ae?\"}]},{\"@type\":\"WebSite\",\"@id\":\"https:\/\/tudofeltro.com\/feltragem\/#website\",\"url\":\"https:\/\/tudofeltro.com\/feltragem\/\",\"name\":\"A Arte da Feltragem - Curso Online e Kits de Feltragem Artesanal\",\"description\":\"Aprender a feltrar e evoliu a tua t\u00e9cnica com os cursos de Feltragem, needle felting, aulas online, tutorias, passo a passo e kits de feltragem para iniciantes\",\"publisher\":{\"@id\":\"https:\/\/tudofeltro.com\/feltragem\/#organization\"},\"potentialAction\":[{\"@type\":\"SearchAction\",\"target\":{\"@type\":\"EntryPoint\",\"urlTemplate\":\"https:\/\/tudofeltro.com\/feltragem\/?s={search_term_string}\"},\"query-input\":{\"@type\":\"PropertyValueSpecification\",\"valueRequired\":true,\"valueName\":\"search_term_string\"}}],\"inLanguage\":\"pt-PT\"},{\"@type\":\"Organization\",\"@id\":\"https:\/\/tudofeltro.com\/feltragem\/#organization\",\"name\":\"A Arte da Feltragem - Curso Online e Kits de Feltragem Artesanal\",\"url\":\"https:\/\/tudofeltro.com\/feltragem\/\",\"logo\":{\"@type\":\"ImageObject\",\"inLanguage\":\"pt-PT\",\"@id\":\"https:\/\/tudofeltro.com\/feltragem\/#\/schema\/logo\/image\/\",\"url\":\"https:\/\/tudofeltro.com\/feltragem\/wp-content\/uploads\/2022\/11\/cropped-New-logo-tudofeltro-e1667406116743.png\",\"contentUrl\":\"https:\/\/tudofeltro.com\/feltragem\/wp-content\/uploads\/2022\/11\/cropped-New-logo-tudofeltro-e1667406116743.png\",\"width\":300,\"height\":150,\"caption\":\"A Arte da Feltragem - Curso Online e Kits de Feltragem Artesanal\"},\"image\":{\"@id\":\"https:\/\/tudofeltro.com\/feltragem\/#\/schema\/logo\/image\/\"}}]}<\/script>\n<!-- \/ Yoast SEO Premium plugin. -->","yoast_head_json":{"title":"DIY Curso Online - Como Feltrar um Bigode em L\u00e3 M\u00e1gica \u00ae? - A Arte da Feltragem - Curso Online e Kits de Feltragem Artesanal","description":"Neste curso encantador de needle felting vais aprender a criar, passo a passo, um anjinho em L\u00e3 M\u00e1gica\u00ae \u2014 uma pe\u00e7a delicada, feita \u00e0 m\u00e3o, ideal para decora\u00e7\u00e3o, presentes ou simplesmente como s\u00edmbolo de afeto. A forma\u00e7\u00e3o \u00e9 adequada tanto para iniciantes como para quem j\u00e1 tem alguma experi\u00eancia e deseja explorar t\u00e9cnicas mais sens\u00edveis e expressivas com a l\u00e3.","robots":{"index":"index","follow":"follow","max-snippet":"max-snippet:-1","max-image-preview":"max-image-preview:large","max-video-preview":"max-video-preview:-1"},"canonical":"https:\/\/tudofeltro.com\/feltragem\/produto\/diy-curso-online-como-feltrar-um-bigode-em-la-magica\/","og_locale":"pt_PT","og_type":"article","og_title":"DIY Curso Online - Como Feltrar um Bigode em L\u00e3 M\u00e1gica \u00ae?","og_description":"Neste curso encantador de needle felting vais aprender a criar, passo a passo, um anjinho em L\u00e3 M\u00e1gica\u00ae \u2014 uma pe\u00e7a delicada, feita \u00e0 m\u00e3o, ideal para decora\u00e7\u00e3o, presentes ou simplesmente como s\u00edmbolo de afeto. A forma\u00e7\u00e3o \u00e9 adequada tanto para iniciantes como para quem j\u00e1 tem alguma experi\u00eancia e deseja explorar t\u00e9cnicas mais sens\u00edveis e expressivas com a l\u00e3.","og_url":"https:\/\/tudofeltro.com\/feltragem\/produto\/diy-curso-online-como-feltrar-um-bigode-em-la-magica\/","og_site_name":"A Arte da Feltragem - Curso Online e Kits de Feltragem Artesanal","article_modified_time":"2025-07-22T23:09:49+00:00","og_image":[{"width":1640,"height":924,"url":"https:\/\/tudofeltro.com\/feltragem\/wp-content\/uploads\/2025\/07\/DIY-Bigode-em-la-Magica-feltragem.jpg","type":"image\/jpeg"}],"twitter_card":"summary_large_image","twitter_misc":{"Tempo estimado de leitura":"1 minuto"},"schema":{"@context":"https:\/\/schema.org","@graph":[{"@type":"WebPage","@id":"https:\/\/tudofeltro.com\/feltragem\/produto\/diy-curso-online-como-feltrar-um-bigode-em-la-magica\/","url":"https:\/\/tudofeltro.com\/feltragem\/produto\/diy-curso-online-como-feltrar-um-bigode-em-la-magica\/","name":"DIY Curso Online - Como Feltrar um Bigode em L\u00e3 M\u00e1gica \u00ae? - A Arte da Feltragem - Curso Online e Kits de Feltragem Artesanal","isPartOf":{"@id":"https:\/\/tudofeltro.com\/feltragem\/#website"},"primaryImageOfPage":{"@id":"https:\/\/tudofeltro.com\/feltragem\/produto\/diy-curso-online-como-feltrar-um-bigode-em-la-magica\/#primaryimage"},"image":{"@id":"https:\/\/tudofeltro.com\/feltragem\/produto\/diy-curso-online-como-feltrar-um-bigode-em-la-magica\/#primaryimage"},"thumbnailUrl":"https:\/\/tudofeltro.com\/feltragem\/wp-content\/uploads\/2025\/07\/DIY-Bigode-em-la-Magica-feltragem.jpg","datePublished":"2025-07-22T19:21:00+00:00","dateModified":"2025-07-22T23:09:49+00:00","description":"Neste curso encantador de needle felting vais aprender a criar, passo a passo, um anjinho em L\u00e3 M\u00e1gica\u00ae \u2014 uma pe\u00e7a delicada, feita \u00e0 m\u00e3o, ideal para decora\u00e7\u00e3o, presentes ou simplesmente como s\u00edmbolo de afeto. A forma\u00e7\u00e3o \u00e9 adequada tanto para iniciantes como para quem j\u00e1 tem alguma experi\u00eancia e deseja explorar t\u00e9cnicas mais sens\u00edveis e expressivas com a l\u00e3.","breadcrumb":{"@id":"https:\/\/tudofeltro.com\/feltragem\/produto\/diy-curso-online-como-feltrar-um-bigode-em-la-magica\/#breadcrumb"},"inLanguage":"pt-PT","potentialAction":[{"@type":"ReadAction","target":["https:\/\/tudofeltro.com\/feltragem\/produto\/diy-curso-online-como-feltrar-um-bigode-em-la-magica\/"]}]},{"@type":"ImageObject","inLanguage":"pt-PT","@id":"https:\/\/tudofeltro.com\/feltragem\/produto\/diy-curso-online-como-feltrar-um-bigode-em-la-magica\/#primaryimage","url":"https:\/\/tudofeltro.com\/feltragem\/wp-content\/uploads\/2025\/07\/DIY-Bigode-em-la-Magica-feltragem.jpg","contentUrl":"https:\/\/tudofeltro.com\/feltragem\/wp-content\/uploads\/2025\/07\/DIY-Bigode-em-la-Magica-feltragem.jpg","width":1640,"height":924},{"@type":"BreadcrumbList","@id":"https:\/\/tudofeltro.com\/feltragem\/produto\/diy-curso-online-como-feltrar-um-bigode-em-la-magica\/#breadcrumb","itemListElement":[{"@type":"ListItem","position":1,"name":"In\u00edcio","item":"https:\/\/tudofeltro.com\/feltragem\/"},{"@type":"ListItem","position":2,"name":"Loja","item":"https:\/\/tudofeltro.com\/feltragem\/loja\/"},{"@type":"ListItem","position":3,"name":"DIY Curso Online &#8211; Como Feltrar um Bigode em L\u00e3 M\u00e1gica \u00ae?"}]},{"@type":"WebSite","@id":"https:\/\/tudofeltro.com\/feltragem\/#website","url":"https:\/\/tudofeltro.com\/feltragem\/","name":"A Arte da Feltragem - Curso Online e Kits de Feltragem Artesanal","description":"Aprender a feltrar e evoliu a tua t\u00e9cnica com os cursos de Feltragem, needle felting, aulas online, tutorias, passo a passo e kits de feltragem para iniciantes","publisher":{"@id":"https:\/\/tudofeltro.com\/feltragem\/#organization"},"potentialAction":[{"@type":"SearchAction","target":{"@type":"EntryPoint","urlTemplate":"https:\/\/tudofeltro.com\/feltragem\/?s={search_term_string}"},"query-input":{"@type":"PropertyValueSpecification","valueRequired":true,"valueName":"search_term_string"}}],"inLanguage":"pt-PT"},{"@type":"Organization","@id":"https:\/\/tudofeltro.com\/feltragem\/#organization","name":"A Arte da Feltragem - Curso Online e Kits de Feltragem Artesanal","url":"https:\/\/tudofeltro.com\/feltragem\/","logo":{"@type":"ImageObject","inLanguage":"pt-PT","@id":"https:\/\/tudofeltro.com\/feltragem\/#\/schema\/logo\/image\/","url":"https:\/\/tudofeltro.com\/feltragem\/wp-content\/uploads\/2022\/11\/cropped-New-logo-tudofeltro-e1667406116743.png","contentUrl":"https:\/\/tudofeltro.com\/feltragem\/wp-content\/uploads\/2022\/11\/cropped-New-logo-tudofeltro-e1667406116743.png","width":300,"height":150,"caption":"A Arte da Feltragem - Curso Online e Kits de Feltragem Artesanal"},"image":{"@id":"https:\/\/tudofeltro.com\/feltragem\/#\/schema\/logo\/image\/"}}]}},"_links":{"self":[{"href":"https:\/\/tudofeltro.com\/feltragem\/wp-json\/wp\/v2\/product\/2568","targetHints":{"allow":["GET"]}}],"collection":[{"href":"https:\/\/tudofeltro.com\/feltragem\/wp-json\/wp\/v2\/product"}],"about":[{"href":"https:\/\/tudofeltro.com\/feltragem\/wp-json\/wp\/v2\/types\/product"}],"replies":[{"embeddable":true,"href":"https:\/\/tudofeltro.com\/feltragem\/wp-json\/wp\/v2\/comments?post=2568"}],"version-history":[{"count":3,"href":"https:\/\/tudofeltro.com\/feltragem\/wp-json\/wp\/v2\/product\/2568\/revisions"}],"predecessor-version":[{"id":2592,"href":"https:\/\/tudofeltro.com\/feltragem\/wp-json\/wp\/v2\/product\/2568\/revisions\/2592"}],"wp:featuredmedia":[{"embeddable":true,"href":"https:\/\/tudofeltro.com\/feltragem\/wp-json\/wp\/v2\/media\/2559"}],"wp:attachment":[{"href":"https:\/\/tudofeltro.com\/feltragem\/wp-json\/wp\/v2\/media?parent=2568"}],"wp:term":[{"taxonomy":"product_brand","embeddable":true,"href":"https:\/\/tudofeltro.com\/feltragem\/wp-json\/wp\/v2\/product_brand?post=2568"},{"taxonomy":"product_cat","embeddable":true,"href":"https:\/\/tudofeltro.com\/feltragem\/wp-json\/wp\/v2\/product_cat?post=2568"},{"taxonomy":"product_tag","embeddable":true,"href":"https:\/\/tudofeltro.com\/feltragem\/wp-json\/wp\/v2\/product_tag?post=2568"}],"curies":[{"name":"wp","href":"https:\/\/api.w.org\/{rel}","templated":true}]}}