{"id":2011,"date":"2024-07-17T21:35:14","date_gmt":"2024-07-17T20:35:14","guid":{"rendered":"https:\/\/tudofeltro.com\/feltragem\/?post_type=product&#038;p=2011"},"modified":"2026-01-14T13:39:43","modified_gmt":"2026-01-14T13:39:43","slug":"video-aula-como-fazer-fadas-encantadas","status":"publish","type":"product","link":"https:\/\/tudofeltro.com\/feltragem\/produto\/video-aula-como-fazer-fadas-encantadas\/","title":{"rendered":"V\u00eddeo Aula &#8220;Como Fazer&#8221; Fadas Encantadas em l\u00e3 M\u00e1gica"},"content":{"rendered":"<h4>Kit &#8211; Fadas encantadas em l\u00e3 M\u00e1gica com Instru\u00e7\u00f5es impressas + V\u00eddeo Aula &#8220;Como Fazer&#8221; .<\/h4>\n<p><b>Tipo de Kit:\u00a0<\/b>B\u00e1sico<br \/>\n<b>Dificuldade:<\/b>\u00a0Iniciantes<br \/>\n<b>Pe\u00e7as a Produzir:<\/b>\u00a02 Unidades (aprox. 35 cm altura)<\/p>\n<p><b>Material Inclu\u00eddo:<\/b><\/p>\n<ul>\n<li>\u00a0 \u00a0 L\u00e3 Penteada Natural &#8211; 3 novelos<\/li>\n<li>\u00a0 \u00a0 L\u00e3 Penteada Tingida &#8211; 5 novelos<\/li>\n<li>\u00a0 \u00a0 \u00a02 Kits de Agulha p\/ Feltragem (2 Ag. G 2 Ag. M x 2 Ag. F)<\/li>\n<li>\u00a0 \u00a0 1 Esponja 10 X 15 X 4 cm<\/li>\n<li>\u00a0 \u00a0 Limpa Cachimbos &#8211; 2 und. 25 cm<\/li>\n<li>\u00a0 \u00a0 Instru\u00e7\u00f5es impressas, com fotos e textos passo-a-passo<\/li>\n<li>\u00a0 \u00a0 V\u00eddeos Aulas inclu\u00eddas<\/li>\n<li>\u00a0 \u00a0Acompanhamento em Grupo Privado no Facebook<\/li>\n<\/ul>\n<p><b>Tempo de Constru\u00e7\u00e3o:<\/b>\u00a02 &#8211; 4 horas<\/p>\n","protected":false},"excerpt":{"rendered":"<p>Kit &#8211; Fadas encantadas em l\u00e3 M\u00e1gica com Instru\u00e7\u00f5es impressas + V\u00eddeo Aula &#8220;Como Fazer&#8221; . Tipo de<\/p>\n","protected":false},"featured_media":2022,"comment_status":"open","ping_status":"closed","template":"","meta":{"cos_headline_score":0,"cos_seo_score":0,"cos_headline_text":"V\u00eddeo Aula \"Como Fazer\" Fadas Encantadas em l\u00e3 M\u00e1gica","cos_headline_has_been_analyzed":false,"cos_last_analyzed_headline":[],"content-type":""},"product_brand":[],"product_cat":[15],"product_tag":[],"class_list":{"0":"post-2011","1":"product","2":"type-product","3":"status-publish","4":"has-post-thumbnail","6":"product_cat-cursos","7":"product_shipping_class-101g-ate-499-g","9":"first","10":"instock","11":"virtual","12":"purchasable","13":"product-type-simple"},"yoast_head":"<!-- This site is optimized with the Yoast SEO Premium plugin v25.0 (Yoast SEO v27.1.1) - https:\/\/yoast.com\/product\/yoast-seo-premium-wordpress\/ -->\n<title>V\u00eddeo Aula &quot;Como Fazer&quot; Fadas Encantadas em l\u00e3 M\u00e1gica - A Arte da Feltragem - Curso Online e Kits de Feltragem Artesanal<\/title>\n<meta name=\"robots\" content=\"index, follow, max-snippet:-1, max-image-preview:large, max-video-preview:-1\" \/>\n<link rel=\"canonical\" href=\"https:\/\/tudofeltro.com\/feltragem\/produto\/video-aula-como-fazer-fadas-encantadas\/\" \/>\n<meta property=\"og:locale\" content=\"pt_PT\" \/>\n<meta property=\"og:type\" content=\"article\" \/>\n<meta property=\"og:title\" content=\"V\u00eddeo Aula &quot;Como Fazer&quot; Fadas Encantadas em l\u00e3 M\u00e1gica\" \/>\n<meta property=\"og:description\" content=\"Kit &#8211; Fadas encantadas em l\u00e3 M\u00e1gica com Instru\u00e7\u00f5es impressas + V\u00eddeo Aula &#8220;Como Fazer&#8221; . Tipo de\" \/>\n<meta property=\"og:url\" content=\"https:\/\/tudofeltro.com\/feltragem\/produto\/video-aula-como-fazer-fadas-encantadas\/\" \/>\n<meta property=\"og:site_name\" content=\"A Arte da Feltragem - Curso Online e Kits de Feltragem Artesanal\" \/>\n<meta property=\"article:modified_time\" content=\"2026-01-14T13:39:43+00:00\" \/>\n<meta property=\"og:image\" content=\"https:\/\/tudofeltro.com\/feltragem\/wp-content\/uploads\/2024\/07\/Capa-Kit_fada-1024x505.jpg\" \/>\n\t<meta property=\"og:image:width\" content=\"1024\" \/>\n\t<meta property=\"og:image:height\" content=\"505\" \/>\n\t<meta property=\"og:image:type\" content=\"image\/jpeg\" \/>\n<meta name=\"twitter:card\" content=\"summary_large_image\" \/>\n<meta name=\"twitter:label1\" content=\"Tempo estimado de leitura\" \/>\n\t<meta name=\"twitter:data1\" content=\"1 minuto\" \/>\n<script type=\"application\/ld+json\" class=\"yoast-schema-graph\">{\"@context\":\"https:\/\/schema.org\",\"@graph\":[{\"@type\":\"WebPage\",\"@id\":\"https:\/\/tudofeltro.com\/feltragem\/produto\/video-aula-como-fazer-fadas-encantadas\/\",\"url\":\"https:\/\/tudofeltro.com\/feltragem\/produto\/video-aula-como-fazer-fadas-encantadas\/\",\"name\":\"V\u00eddeo Aula \\\"Como Fazer\\\" Fadas Encantadas em l\u00e3 M\u00e1gica - A Arte da Feltragem - Curso Online e Kits de Feltragem Artesanal\",\"isPartOf\":{\"@id\":\"https:\/\/tudofeltro.com\/feltragem\/#website\"},\"primaryImageOfPage\":{\"@id\":\"https:\/\/tudofeltro.com\/feltragem\/produto\/video-aula-como-fazer-fadas-encantadas\/#primaryimage\"},\"image\":{\"@id\":\"https:\/\/tudofeltro.com\/feltragem\/produto\/video-aula-como-fazer-fadas-encantadas\/#primaryimage\"},\"thumbnailUrl\":\"https:\/\/tudofeltro.com\/feltragem\/wp-content\/uploads\/2024\/07\/Capa-Kit_fada.jpg\",\"datePublished\":\"2024-07-17T20:35:14+00:00\",\"dateModified\":\"2026-01-14T13:39:43+00:00\",\"breadcrumb\":{\"@id\":\"https:\/\/tudofeltro.com\/feltragem\/produto\/video-aula-como-fazer-fadas-encantadas\/#breadcrumb\"},\"inLanguage\":\"pt-PT\",\"potentialAction\":[{\"@type\":\"ReadAction\",\"target\":[\"https:\/\/tudofeltro.com\/feltragem\/produto\/video-aula-como-fazer-fadas-encantadas\/\"]}]},{\"@type\":\"ImageObject\",\"inLanguage\":\"pt-PT\",\"@id\":\"https:\/\/tudofeltro.com\/feltragem\/produto\/video-aula-como-fazer-fadas-encantadas\/#primaryimage\",\"url\":\"https:\/\/tudofeltro.com\/feltragem\/wp-content\/uploads\/2024\/07\/Capa-Kit_fada.jpg\",\"contentUrl\":\"https:\/\/tudofeltro.com\/feltragem\/wp-content\/uploads\/2024\/07\/Capa-Kit_fada.jpg\",\"width\":2196,\"height\":1084},{\"@type\":\"BreadcrumbList\",\"@id\":\"https:\/\/tudofeltro.com\/feltragem\/produto\/video-aula-como-fazer-fadas-encantadas\/#breadcrumb\",\"itemListElement\":[{\"@type\":\"ListItem\",\"position\":1,\"name\":\"In\u00edcio\",\"item\":\"https:\/\/tudofeltro.com\/feltragem\/\"},{\"@type\":\"ListItem\",\"position\":2,\"name\":\"Loja\",\"item\":\"https:\/\/tudofeltro.com\/feltragem\/loja\/\"},{\"@type\":\"ListItem\",\"position\":3,\"name\":\"V\u00eddeo Aula &#8220;Como Fazer&#8221; Fadas Encantadas em l\u00e3 M\u00e1gica\"}]},{\"@type\":\"WebSite\",\"@id\":\"https:\/\/tudofeltro.com\/feltragem\/#website\",\"url\":\"https:\/\/tudofeltro.com\/feltragem\/\",\"name\":\"A Arte da Feltragem - Curso Online e Kits de Feltragem Artesanal\",\"description\":\"Aprender a feltrar e evoliu a tua t\u00e9cnica com os cursos de Feltragem, needle felting, aulas online, tutorias, passo a passo e kits de feltragem para iniciantes\",\"publisher\":{\"@id\":\"https:\/\/tudofeltro.com\/feltragem\/#organization\"},\"potentialAction\":[{\"@type\":\"SearchAction\",\"target\":{\"@type\":\"EntryPoint\",\"urlTemplate\":\"https:\/\/tudofeltro.com\/feltragem\/?s={search_term_string}\"},\"query-input\":{\"@type\":\"PropertyValueSpecification\",\"valueRequired\":true,\"valueName\":\"search_term_string\"}}],\"inLanguage\":\"pt-PT\"},{\"@type\":\"Organization\",\"@id\":\"https:\/\/tudofeltro.com\/feltragem\/#organization\",\"name\":\"A Arte da Feltragem - Curso Online e Kits de Feltragem Artesanal\",\"url\":\"https:\/\/tudofeltro.com\/feltragem\/\",\"logo\":{\"@type\":\"ImageObject\",\"inLanguage\":\"pt-PT\",\"@id\":\"https:\/\/tudofeltro.com\/feltragem\/#\/schema\/logo\/image\/\",\"url\":\"https:\/\/tudofeltro.com\/feltragem\/wp-content\/uploads\/2022\/11\/cropped-New-logo-tudofeltro-e1667406116743.png\",\"contentUrl\":\"https:\/\/tudofeltro.com\/feltragem\/wp-content\/uploads\/2022\/11\/cropped-New-logo-tudofeltro-e1667406116743.png\",\"width\":300,\"height\":150,\"caption\":\"A Arte da Feltragem - Curso Online e Kits de Feltragem Artesanal\"},\"image\":{\"@id\":\"https:\/\/tudofeltro.com\/feltragem\/#\/schema\/logo\/image\/\"}}]}<\/script>\n<!-- \/ Yoast SEO Premium plugin. -->","yoast_head_json":{"title":"V\u00eddeo Aula \"Como Fazer\" Fadas Encantadas em l\u00e3 M\u00e1gica - A Arte da Feltragem - Curso Online e Kits de Feltragem Artesanal","robots":{"index":"index","follow":"follow","max-snippet":"max-snippet:-1","max-image-preview":"max-image-preview:large","max-video-preview":"max-video-preview:-1"},"canonical":"https:\/\/tudofeltro.com\/feltragem\/produto\/video-aula-como-fazer-fadas-encantadas\/","og_locale":"pt_PT","og_type":"article","og_title":"V\u00eddeo Aula \"Como Fazer\" Fadas Encantadas em l\u00e3 M\u00e1gica","og_description":"Kit &#8211; Fadas encantadas em l\u00e3 M\u00e1gica com Instru\u00e7\u00f5es impressas + V\u00eddeo Aula &#8220;Como Fazer&#8221; . Tipo de","og_url":"https:\/\/tudofeltro.com\/feltragem\/produto\/video-aula-como-fazer-fadas-encantadas\/","og_site_name":"A Arte da Feltragem - Curso Online e Kits de Feltragem Artesanal","article_modified_time":"2026-01-14T13:39:43+00:00","og_image":[{"width":1024,"height":505,"url":"https:\/\/tudofeltro.com\/feltragem\/wp-content\/uploads\/2024\/07\/Capa-Kit_fada-1024x505.jpg","type":"image\/jpeg"}],"twitter_card":"summary_large_image","twitter_misc":{"Tempo estimado de leitura":"1 minuto"},"schema":{"@context":"https:\/\/schema.org","@graph":[{"@type":"WebPage","@id":"https:\/\/tudofeltro.com\/feltragem\/produto\/video-aula-como-fazer-fadas-encantadas\/","url":"https:\/\/tudofeltro.com\/feltragem\/produto\/video-aula-como-fazer-fadas-encantadas\/","name":"V\u00eddeo Aula \"Como Fazer\" Fadas Encantadas em l\u00e3 M\u00e1gica - A Arte da Feltragem - Curso Online e Kits de Feltragem Artesanal","isPartOf":{"@id":"https:\/\/tudofeltro.com\/feltragem\/#website"},"primaryImageOfPage":{"@id":"https:\/\/tudofeltro.com\/feltragem\/produto\/video-aula-como-fazer-fadas-encantadas\/#primaryimage"},"image":{"@id":"https:\/\/tudofeltro.com\/feltragem\/produto\/video-aula-como-fazer-fadas-encantadas\/#primaryimage"},"thumbnailUrl":"https:\/\/tudofeltro.com\/feltragem\/wp-content\/uploads\/2024\/07\/Capa-Kit_fada.jpg","datePublished":"2024-07-17T20:35:14+00:00","dateModified":"2026-01-14T13:39:43+00:00","breadcrumb":{"@id":"https:\/\/tudofeltro.com\/feltragem\/produto\/video-aula-como-fazer-fadas-encantadas\/#breadcrumb"},"inLanguage":"pt-PT","potentialAction":[{"@type":"ReadAction","target":["https:\/\/tudofeltro.com\/feltragem\/produto\/video-aula-como-fazer-fadas-encantadas\/"]}]},{"@type":"ImageObject","inLanguage":"pt-PT","@id":"https:\/\/tudofeltro.com\/feltragem\/produto\/video-aula-como-fazer-fadas-encantadas\/#primaryimage","url":"https:\/\/tudofeltro.com\/feltragem\/wp-content\/uploads\/2024\/07\/Capa-Kit_fada.jpg","contentUrl":"https:\/\/tudofeltro.com\/feltragem\/wp-content\/uploads\/2024\/07\/Capa-Kit_fada.jpg","width":2196,"height":1084},{"@type":"BreadcrumbList","@id":"https:\/\/tudofeltro.com\/feltragem\/produto\/video-aula-como-fazer-fadas-encantadas\/#breadcrumb","itemListElement":[{"@type":"ListItem","position":1,"name":"In\u00edcio","item":"https:\/\/tudofeltro.com\/feltragem\/"},{"@type":"ListItem","position":2,"name":"Loja","item":"https:\/\/tudofeltro.com\/feltragem\/loja\/"},{"@type":"ListItem","position":3,"name":"V\u00eddeo Aula &#8220;Como Fazer&#8221; Fadas Encantadas em l\u00e3 M\u00e1gica"}]},{"@type":"WebSite","@id":"https:\/\/tudofeltro.com\/feltragem\/#website","url":"https:\/\/tudofeltro.com\/feltragem\/","name":"A Arte da Feltragem - Curso Online e Kits de Feltragem Artesanal","description":"Aprender a feltrar e evoliu a tua t\u00e9cnica com os cursos de Feltragem, needle felting, aulas online, tutorias, passo a passo e kits de feltragem para iniciantes","publisher":{"@id":"https:\/\/tudofeltro.com\/feltragem\/#organization"},"potentialAction":[{"@type":"SearchAction","target":{"@type":"EntryPoint","urlTemplate":"https:\/\/tudofeltro.com\/feltragem\/?s={search_term_string}"},"query-input":{"@type":"PropertyValueSpecification","valueRequired":true,"valueName":"search_term_string"}}],"inLanguage":"pt-PT"},{"@type":"Organization","@id":"https:\/\/tudofeltro.com\/feltragem\/#organization","name":"A Arte da Feltragem - Curso Online e Kits de Feltragem Artesanal","url":"https:\/\/tudofeltro.com\/feltragem\/","logo":{"@type":"ImageObject","inLanguage":"pt-PT","@id":"https:\/\/tudofeltro.com\/feltragem\/#\/schema\/logo\/image\/","url":"https:\/\/tudofeltro.com\/feltragem\/wp-content\/uploads\/2022\/11\/cropped-New-logo-tudofeltro-e1667406116743.png","contentUrl":"https:\/\/tudofeltro.com\/feltragem\/wp-content\/uploads\/2022\/11\/cropped-New-logo-tudofeltro-e1667406116743.png","width":300,"height":150,"caption":"A Arte da Feltragem - Curso Online e Kits de Feltragem Artesanal"},"image":{"@id":"https:\/\/tudofeltro.com\/feltragem\/#\/schema\/logo\/image\/"}}]}},"_links":{"self":[{"href":"https:\/\/tudofeltro.com\/feltragem\/wp-json\/wp\/v2\/product\/2011","targetHints":{"allow":["GET"]}}],"collection":[{"href":"https:\/\/tudofeltro.com\/feltragem\/wp-json\/wp\/v2\/product"}],"about":[{"href":"https:\/\/tudofeltro.com\/feltragem\/wp-json\/wp\/v2\/types\/product"}],"replies":[{"embeddable":true,"href":"https:\/\/tudofeltro.com\/feltragem\/wp-json\/wp\/v2\/comments?post=2011"}],"version-history":[{"count":7,"href":"https:\/\/tudofeltro.com\/feltragem\/wp-json\/wp\/v2\/product\/2011\/revisions"}],"predecessor-version":[{"id":2014,"href":"https:\/\/tudofeltro.com\/feltragem\/wp-json\/wp\/v2\/product\/2011\/revisions\/2014"}],"wp:featuredmedia":[{"embeddable":true,"href":"https:\/\/tudofeltro.com\/feltragem\/wp-json\/wp\/v2\/media\/2022"}],"wp:attachment":[{"href":"https:\/\/tudofeltro.com\/feltragem\/wp-json\/wp\/v2\/media?parent=2011"}],"wp:term":[{"taxonomy":"product_brand","embeddable":true,"href":"https:\/\/tudofeltro.com\/feltragem\/wp-json\/wp\/v2\/product_brand?post=2011"},{"taxonomy":"product_cat","embeddable":true,"href":"https:\/\/tudofeltro.com\/feltragem\/wp-json\/wp\/v2\/product_cat?post=2011"},{"taxonomy":"product_tag","embeddable":true,"href":"https:\/\/tudofeltro.com\/feltragem\/wp-json\/wp\/v2\/product_tag?post=2011"}],"curies":[{"name":"wp","href":"https:\/\/api.w.org\/{rel}","templated":true}]}}