{"id":1421,"date":"2023-02-20T22:19:00","date_gmt":"2023-02-20T22:19:00","guid":{"rendered":"https:\/\/tudofeltro.com\/feltragem\/?post_type=product&#038;p=1421"},"modified":"2023-02-21T00:16:36","modified_gmt":"2023-02-21T00:16:36","slug":"kit-basico-de-feltragem-needle-felting","status":"publish","type":"product","link":"https:\/\/tudofeltro.com\/feltragem\/produto\/kit-basico-de-feltragem-needle-felting\/","title":{"rendered":"Kit B\u00e1sico Needle Felting | L"},"content":{"rendered":"\t\t<div data-elementor-type=\"wp-post\" data-elementor-id=\"1421\" class=\"elementor elementor-1421\">\n\t\t\t\t\t\t<section class=\"elementor-section elementor-top-section elementor-element elementor-element-a0648b6 elementor-section-boxed elementor-section-height-default elementor-section-height-default\" data-id=\"a0648b6\" data-element_type=\"section\">\n\t\t\t\t\t\t<div class=\"elementor-container elementor-column-gap-default\">\n\t\t\t\t\t<div class=\"elementor-column elementor-col-100 elementor-top-column elementor-element elementor-element-13b230fb\" data-id=\"13b230fb\" data-element_type=\"column\">\n\t\t\t<div class=\"elementor-widget-wrap elementor-element-populated\">\n\t\t\t\t\t\t<div class=\"elementor-element elementor-element-bdb49f7 elementor-widget elementor-widget-text-editor\" data-id=\"bdb49f7\" data-element_type=\"widget\" data-widget_type=\"text-editor.default\">\n\t\t\t\t<div class=\"elementor-widget-container\">\n\t\t\t\t\t\t\t\t\t<p style=\"border: 0px solid #d9d9e3; --tw-border-spacing-x: 0; --tw-border-spacing-y: 0; --tw-translate-x: 0; --tw-translate-y: 0; --tw-rotate: 0; --tw-skew-x: 0; --tw-skew-y: 0; --tw-scale-x: 1; --tw-scale-y: 1; --tw-scroll-snap-strictness: proximity; --tw-ring-offset-width: 0px; --tw-ring-offset-color: #fff; --tw-ring-color: rgba(59,130,246,0.5); --tw-ring-offset-shadow: 0 0 transparent; --tw-ring-shadow: 0 0 transparent; --tw-shadow: 0 0 transparent; --tw-shadow-colored: 0 0 transparent; margin-bottom: 1.25em; background-color: #f7f7f8;\"><span style=\"color: #374151; font-family: S\u00f6hne, ui-sans-serif, system-ui, -apple-system, Segoe UI, Roboto, Ubuntu, Cantarell, Noto Sans, sans-serif, Helvetica Neue, Arial, Apple Color Emoji, Segoe UI Emoji, Segoe UI Symbol, Noto Color Emoji;\"><span style=\"white-space: pre-wrap;\">O <b>kit b\u00e1sico de feltragem<\/b> \u00e9 uma boa op\u00e7\u00e3o para quem est\u00e1 a come\u00e7ar nesta t\u00e9cnica de artesanato e precisa do essencial para criar as suas pe\u00e7as feltradas. <\/span><\/span><\/p><p>Este kit \u00e9 composto por uma <b>esponja de alta densidade<\/b> de 22 x 25 cm e um <b>conjunto de agulhas de feltragem<\/b>.<br \/>As agulhas de feltragem inclu\u00eddas no kit s\u00e3o de tr\u00eas tamanhos diferentes &#8211; <b>grossas<\/b>, <b>m\u00e9dias<\/b> e <b>fina<\/b>s &#8211; com <b>5 agulhas em cada tamanho<\/b>.<br \/>Essa quantidade de agulhas permitir\u00e1 que inicies a t\u00e9cnica de feltragem mais tranquila e sem a preocupa\u00e7\u00e3o de partires a tua \u00fanica agulha. Neste Kit ter\u00e1s mais 4 agulhas extra de cada tamanho.<\/p><p>As <b>agulhas grossas<\/b> s\u00e3o ideais para dar forma e estrutura \u00e0 sua pe\u00e7a, as agulhas m\u00e9dias ajudam a fixar a l\u00e3 e as agulhas finas s\u00e3o perfeitas para detalhes e acabamentos.<\/p><p>A <b>esponja de alta densidade<\/b> \u00e9 uma superf\u00edcie de trabalho essencial para a feltragem. Ela ajuda a manter a estabilidade da pe\u00e7a durante o processo de feltragem e evita que as agulhas danifiquem a superf\u00edcie abaixo. A alta densidade da esponja tamb\u00e9m ajuda a proteger as agulhas, prolongando sua vida \u00fatil.<\/p><p>Com o <b>kit b\u00e1sico de feltragem<\/b>, estar\u00e1s equipado(a) com todas as ferramentas necess\u00e1rias para come\u00e7ar a criar pe\u00e7as incr\u00edveis em needle felting.<br \/>\u00c9 uma escolha perfeita para iniciantes que desejam experimentar a t\u00e9cnica ou para quem deseja expandir sua cole\u00e7\u00e3o de ferramentas de feltragem.<\/p>\t\t\t\t\t\t\t\t<\/div>\n\t\t\t\t<\/div>\n\t\t\t\t\t<\/div>\n\t\t<\/div>\n\t\t\t\t\t<\/div>\n\t\t<\/section>\n\t\t\t\t<\/div>\n\t\t","protected":false},"excerpt":{"rendered":"<p>&nbsp;<\/p>\n<ul>\n<li>Esponja:<br \/>\nAlta Densidade: 22 X25 cm<\/li>\n<li>Agulhas de Feltragem:<br \/>\n5 Agulhas: Grossas<br \/>\n5 Agulhas: M\u00e9dias<br \/>\n5 Agulhas: Finas<\/li>\n<\/ul>\n<p>&nbsp;<\/p>\n","protected":false},"featured_media":1423,"comment_status":"open","ping_status":"closed","template":"","meta":{"cos_headline_score":0,"cos_seo_score":0,"cos_headline_text":"Kit B\u00e1sico Needle Felting | L","cos_headline_has_been_analyzed":false,"cos_last_analyzed_headline":[],"content-type":""},"product_brand":[],"product_cat":[33],"product_tag":[],"class_list":{"0":"post-1421","1":"product","2":"type-product","3":"status-publish","4":"has-post-thumbnail","6":"product_cat-kits-feltragem","7":"product_shipping_class-101g-ate-499-g","9":"first","10":"instock","11":"sale","12":"purchasable","13":"product-type-simple"},"yoast_head":"<!-- This site is optimized with the Yoast SEO Premium plugin v25.0 (Yoast SEO v27.1.1) - https:\/\/yoast.com\/product\/yoast-seo-premium-wordpress\/ -->\n<title>Kit B\u00e1sico Needle Felting | L - A Arte da Feltragem - Curso Online e Kits de Feltragem Artesanal<\/title>\n<meta name=\"robots\" content=\"index, follow, max-snippet:-1, max-image-preview:large, max-video-preview:-1\" \/>\n<link rel=\"canonical\" href=\"https:\/\/tudofeltro.com\/feltragem\/produto\/kit-basico-de-feltragem-needle-felting\/\" \/>\n<meta property=\"og:locale\" content=\"pt_PT\" \/>\n<meta property=\"og:type\" content=\"article\" \/>\n<meta property=\"og:title\" content=\"Kit B\u00e1sico Needle Felting | L\" \/>\n<meta property=\"og:description\" content=\"&nbsp;   Esponja: Alta Densidade: 22 X25 cm  Agulhas de Feltragem: 5 Agulhas: Grossas 5 Agulhas: M\u00e9dias 5 Agulhas: Finas  &nbsp;\" \/>\n<meta property=\"og:url\" content=\"https:\/\/tudofeltro.com\/feltragem\/produto\/kit-basico-de-feltragem-needle-felting\/\" \/>\n<meta property=\"og:site_name\" content=\"A Arte da Feltragem - Curso Online e Kits de Feltragem Artesanal\" \/>\n<meta property=\"article:modified_time\" content=\"2023-02-21T00:16:36+00:00\" \/>\n<meta property=\"og:image\" content=\"https:\/\/tudofeltro.com\/feltragem\/wp-content\/uploads\/2023\/02\/esponja-feltragem-firme.png\" \/>\n\t<meta property=\"og:image:width\" content=\"459\" \/>\n\t<meta property=\"og:image:height\" content=\"362\" \/>\n\t<meta property=\"og:image:type\" content=\"image\/png\" \/>\n<meta name=\"twitter:card\" content=\"summary_large_image\" \/>\n<meta name=\"twitter:label1\" content=\"Tempo estimado de leitura\" \/>\n\t<meta name=\"twitter:data1\" content=\"1 minuto\" \/>\n<script type=\"application\/ld+json\" class=\"yoast-schema-graph\">{\"@context\":\"https:\/\/schema.org\",\"@graph\":[{\"@type\":\"WebPage\",\"@id\":\"https:\/\/tudofeltro.com\/feltragem\/produto\/kit-basico-de-feltragem-needle-felting\/\",\"url\":\"https:\/\/tudofeltro.com\/feltragem\/produto\/kit-basico-de-feltragem-needle-felting\/\",\"name\":\"Kit B\u00e1sico Needle Felting | L - A Arte da Feltragem - Curso Online e Kits de Feltragem Artesanal\",\"isPartOf\":{\"@id\":\"https:\/\/tudofeltro.com\/feltragem\/#website\"},\"primaryImageOfPage\":{\"@id\":\"https:\/\/tudofeltro.com\/feltragem\/produto\/kit-basico-de-feltragem-needle-felting\/#primaryimage\"},\"image\":{\"@id\":\"https:\/\/tudofeltro.com\/feltragem\/produto\/kit-basico-de-feltragem-needle-felting\/#primaryimage\"},\"thumbnailUrl\":\"https:\/\/tudofeltro.com\/feltragem\/wp-content\/uploads\/2023\/02\/esponja-feltragem-firme.png\",\"datePublished\":\"2023-02-20T22:19:00+00:00\",\"dateModified\":\"2023-02-21T00:16:36+00:00\",\"breadcrumb\":{\"@id\":\"https:\/\/tudofeltro.com\/feltragem\/produto\/kit-basico-de-feltragem-needle-felting\/#breadcrumb\"},\"inLanguage\":\"pt-PT\",\"potentialAction\":[{\"@type\":\"ReadAction\",\"target\":[\"https:\/\/tudofeltro.com\/feltragem\/produto\/kit-basico-de-feltragem-needle-felting\/\"]}]},{\"@type\":\"ImageObject\",\"inLanguage\":\"pt-PT\",\"@id\":\"https:\/\/tudofeltro.com\/feltragem\/produto\/kit-basico-de-feltragem-needle-felting\/#primaryimage\",\"url\":\"https:\/\/tudofeltro.com\/feltragem\/wp-content\/uploads\/2023\/02\/esponja-feltragem-firme.png\",\"contentUrl\":\"https:\/\/tudofeltro.com\/feltragem\/wp-content\/uploads\/2023\/02\/esponja-feltragem-firme.png\",\"width\":459,\"height\":362},{\"@type\":\"BreadcrumbList\",\"@id\":\"https:\/\/tudofeltro.com\/feltragem\/produto\/kit-basico-de-feltragem-needle-felting\/#breadcrumb\",\"itemListElement\":[{\"@type\":\"ListItem\",\"position\":1,\"name\":\"In\u00edcio\",\"item\":\"https:\/\/tudofeltro.com\/feltragem\/\"},{\"@type\":\"ListItem\",\"position\":2,\"name\":\"Loja\",\"item\":\"https:\/\/tudofeltro.com\/feltragem\/loja\/\"},{\"@type\":\"ListItem\",\"position\":3,\"name\":\"Kit B\u00e1sico Needle Felting | L\"}]},{\"@type\":\"WebSite\",\"@id\":\"https:\/\/tudofeltro.com\/feltragem\/#website\",\"url\":\"https:\/\/tudofeltro.com\/feltragem\/\",\"name\":\"A Arte da Feltragem - Curso Online e Kits de Feltragem Artesanal\",\"description\":\"Aprender a feltrar e evoliu a tua t\u00e9cnica com os cursos de Feltragem, needle felting, aulas online, tutorias, passo a passo e kits de feltragem para iniciantes\",\"publisher\":{\"@id\":\"https:\/\/tudofeltro.com\/feltragem\/#organization\"},\"potentialAction\":[{\"@type\":\"SearchAction\",\"target\":{\"@type\":\"EntryPoint\",\"urlTemplate\":\"https:\/\/tudofeltro.com\/feltragem\/?s={search_term_string}\"},\"query-input\":{\"@type\":\"PropertyValueSpecification\",\"valueRequired\":true,\"valueName\":\"search_term_string\"}}],\"inLanguage\":\"pt-PT\"},{\"@type\":\"Organization\",\"@id\":\"https:\/\/tudofeltro.com\/feltragem\/#organization\",\"name\":\"A Arte da Feltragem - Curso Online e Kits de Feltragem Artesanal\",\"url\":\"https:\/\/tudofeltro.com\/feltragem\/\",\"logo\":{\"@type\":\"ImageObject\",\"inLanguage\":\"pt-PT\",\"@id\":\"https:\/\/tudofeltro.com\/feltragem\/#\/schema\/logo\/image\/\",\"url\":\"https:\/\/tudofeltro.com\/feltragem\/wp-content\/uploads\/2022\/11\/cropped-New-logo-tudofeltro-e1667406116743.png\",\"contentUrl\":\"https:\/\/tudofeltro.com\/feltragem\/wp-content\/uploads\/2022\/11\/cropped-New-logo-tudofeltro-e1667406116743.png\",\"width\":300,\"height\":150,\"caption\":\"A Arte da Feltragem - Curso Online e Kits de Feltragem Artesanal\"},\"image\":{\"@id\":\"https:\/\/tudofeltro.com\/feltragem\/#\/schema\/logo\/image\/\"}}]}<\/script>\n<!-- \/ Yoast SEO Premium plugin. -->","yoast_head_json":{"title":"Kit B\u00e1sico Needle Felting | L - A Arte da Feltragem - Curso Online e Kits de Feltragem Artesanal","robots":{"index":"index","follow":"follow","max-snippet":"max-snippet:-1","max-image-preview":"max-image-preview:large","max-video-preview":"max-video-preview:-1"},"canonical":"https:\/\/tudofeltro.com\/feltragem\/produto\/kit-basico-de-feltragem-needle-felting\/","og_locale":"pt_PT","og_type":"article","og_title":"Kit B\u00e1sico Needle Felting | L","og_description":"&nbsp;   Esponja: Alta Densidade: 22 X25 cm  Agulhas de Feltragem: 5 Agulhas: Grossas 5 Agulhas: M\u00e9dias 5 Agulhas: Finas  &nbsp;","og_url":"https:\/\/tudofeltro.com\/feltragem\/produto\/kit-basico-de-feltragem-needle-felting\/","og_site_name":"A Arte da Feltragem - Curso Online e Kits de Feltragem Artesanal","article_modified_time":"2023-02-21T00:16:36+00:00","og_image":[{"width":459,"height":362,"url":"https:\/\/tudofeltro.com\/feltragem\/wp-content\/uploads\/2023\/02\/esponja-feltragem-firme.png","type":"image\/png"}],"twitter_card":"summary_large_image","twitter_misc":{"Tempo estimado de leitura":"1 minuto"},"schema":{"@context":"https:\/\/schema.org","@graph":[{"@type":"WebPage","@id":"https:\/\/tudofeltro.com\/feltragem\/produto\/kit-basico-de-feltragem-needle-felting\/","url":"https:\/\/tudofeltro.com\/feltragem\/produto\/kit-basico-de-feltragem-needle-felting\/","name":"Kit B\u00e1sico Needle Felting | L - A Arte da Feltragem - Curso Online e Kits de Feltragem Artesanal","isPartOf":{"@id":"https:\/\/tudofeltro.com\/feltragem\/#website"},"primaryImageOfPage":{"@id":"https:\/\/tudofeltro.com\/feltragem\/produto\/kit-basico-de-feltragem-needle-felting\/#primaryimage"},"image":{"@id":"https:\/\/tudofeltro.com\/feltragem\/produto\/kit-basico-de-feltragem-needle-felting\/#primaryimage"},"thumbnailUrl":"https:\/\/tudofeltro.com\/feltragem\/wp-content\/uploads\/2023\/02\/esponja-feltragem-firme.png","datePublished":"2023-02-20T22:19:00+00:00","dateModified":"2023-02-21T00:16:36+00:00","breadcrumb":{"@id":"https:\/\/tudofeltro.com\/feltragem\/produto\/kit-basico-de-feltragem-needle-felting\/#breadcrumb"},"inLanguage":"pt-PT","potentialAction":[{"@type":"ReadAction","target":["https:\/\/tudofeltro.com\/feltragem\/produto\/kit-basico-de-feltragem-needle-felting\/"]}]},{"@type":"ImageObject","inLanguage":"pt-PT","@id":"https:\/\/tudofeltro.com\/feltragem\/produto\/kit-basico-de-feltragem-needle-felting\/#primaryimage","url":"https:\/\/tudofeltro.com\/feltragem\/wp-content\/uploads\/2023\/02\/esponja-feltragem-firme.png","contentUrl":"https:\/\/tudofeltro.com\/feltragem\/wp-content\/uploads\/2023\/02\/esponja-feltragem-firme.png","width":459,"height":362},{"@type":"BreadcrumbList","@id":"https:\/\/tudofeltro.com\/feltragem\/produto\/kit-basico-de-feltragem-needle-felting\/#breadcrumb","itemListElement":[{"@type":"ListItem","position":1,"name":"In\u00edcio","item":"https:\/\/tudofeltro.com\/feltragem\/"},{"@type":"ListItem","position":2,"name":"Loja","item":"https:\/\/tudofeltro.com\/feltragem\/loja\/"},{"@type":"ListItem","position":3,"name":"Kit B\u00e1sico Needle Felting | L"}]},{"@type":"WebSite","@id":"https:\/\/tudofeltro.com\/feltragem\/#website","url":"https:\/\/tudofeltro.com\/feltragem\/","name":"A Arte da Feltragem - Curso Online e Kits de Feltragem Artesanal","description":"Aprender a feltrar e evoliu a tua t\u00e9cnica com os cursos de Feltragem, needle felting, aulas online, tutorias, passo a passo e kits de feltragem para iniciantes","publisher":{"@id":"https:\/\/tudofeltro.com\/feltragem\/#organization"},"potentialAction":[{"@type":"SearchAction","target":{"@type":"EntryPoint","urlTemplate":"https:\/\/tudofeltro.com\/feltragem\/?s={search_term_string}"},"query-input":{"@type":"PropertyValueSpecification","valueRequired":true,"valueName":"search_term_string"}}],"inLanguage":"pt-PT"},{"@type":"Organization","@id":"https:\/\/tudofeltro.com\/feltragem\/#organization","name":"A Arte da Feltragem - Curso Online e Kits de Feltragem Artesanal","url":"https:\/\/tudofeltro.com\/feltragem\/","logo":{"@type":"ImageObject","inLanguage":"pt-PT","@id":"https:\/\/tudofeltro.com\/feltragem\/#\/schema\/logo\/image\/","url":"https:\/\/tudofeltro.com\/feltragem\/wp-content\/uploads\/2022\/11\/cropped-New-logo-tudofeltro-e1667406116743.png","contentUrl":"https:\/\/tudofeltro.com\/feltragem\/wp-content\/uploads\/2022\/11\/cropped-New-logo-tudofeltro-e1667406116743.png","width":300,"height":150,"caption":"A Arte da Feltragem - Curso Online e Kits de Feltragem Artesanal"},"image":{"@id":"https:\/\/tudofeltro.com\/feltragem\/#\/schema\/logo\/image\/"}}]}},"_links":{"self":[{"href":"https:\/\/tudofeltro.com\/feltragem\/wp-json\/wp\/v2\/product\/1421","targetHints":{"allow":["GET"]}}],"collection":[{"href":"https:\/\/tudofeltro.com\/feltragem\/wp-json\/wp\/v2\/product"}],"about":[{"href":"https:\/\/tudofeltro.com\/feltragem\/wp-json\/wp\/v2\/types\/product"}],"replies":[{"embeddable":true,"href":"https:\/\/tudofeltro.com\/feltragem\/wp-json\/wp\/v2\/comments?post=1421"}],"version-history":[{"count":14,"href":"https:\/\/tudofeltro.com\/feltragem\/wp-json\/wp\/v2\/product\/1421\/revisions"}],"predecessor-version":[{"id":1448,"href":"https:\/\/tudofeltro.com\/feltragem\/wp-json\/wp\/v2\/product\/1421\/revisions\/1448"}],"wp:featuredmedia":[{"embeddable":true,"href":"https:\/\/tudofeltro.com\/feltragem\/wp-json\/wp\/v2\/media\/1423"}],"wp:attachment":[{"href":"https:\/\/tudofeltro.com\/feltragem\/wp-json\/wp\/v2\/media?parent=1421"}],"wp:term":[{"taxonomy":"product_brand","embeddable":true,"href":"https:\/\/tudofeltro.com\/feltragem\/wp-json\/wp\/v2\/product_brand?post=1421"},{"taxonomy":"product_cat","embeddable":true,"href":"https:\/\/tudofeltro.com\/feltragem\/wp-json\/wp\/v2\/product_cat?post=1421"},{"taxonomy":"product_tag","embeddable":true,"href":"https:\/\/tudofeltro.com\/feltragem\/wp-json\/wp\/v2\/product_tag?post=1421"}],"curies":[{"name":"wp","href":"https:\/\/api.w.org\/{rel}","templated":true}]}}